{"id":1556,"date":"2023-06-21T22:13:55","date_gmt":"2023-06-21T20:13:55","guid":{"rendered":"https:\/\/www.sprachschule-aktiv-braunschweig.de\/kontaktformular\/"},"modified":"2023-09-29T05:55:58","modified_gmt":"2023-09-29T03:55:58","slug":"contactar","status":"publish","type":"page","link":"https:\/\/www.sprachschule-aktiv-braunschweig.de\/es\/contactar\/","title":{"rendered":"Contacta con nosotros \u2013 Sprachschule Aktiv"},"content":{"rendered":"\t\t<div data-elementor-type=\"wp-page\" data-elementor-id=\"1556\" class=\"elementor elementor-1556 elementor-57\">\n\t\t\t\t\t\t<section class=\"elementor-section elementor-top-section elementor-element elementor-element-7fb7db82 elementor-section-boxed elementor-section-height-default elementor-section-height-default\" data-id=\"7fb7db82\" data-element_type=\"section\" data-e-type=\"section\">\n\t\t\t\t\t\t<div class=\"elementor-container elementor-column-gap-default\">\n\t\t\t\t\t<div class=\"elementor-column elementor-col-100 elementor-top-column elementor-element elementor-element-2513e0e2\" data-id=\"2513e0e2\" data-element_type=\"column\" data-e-type=\"column\">\n\t\t\t<div class=\"elementor-widget-wrap elementor-element-populated\">\n\t\t\t\t\t\t<div class=\"elementor-element elementor-element-15249d26 elementor-widget elementor-widget-heading\" data-id=\"15249d26\" data-element_type=\"widget\" data-e-type=\"widget\" data-widget_type=\"heading.default\">\n\t\t\t\t<div class=\"elementor-widget-container\">\n\t\t\t\t\t<h2 class=\"elementor-heading-title elementor-size-default\">\u00a1Cont\u00e1ctanos para explorar un mundo de idiomas en Braunschweig!<\/h2>\t\t\t\t<\/div>\n\t\t\t\t<\/div>\n\t\t\t\t<div class=\"elementor-element elementor-element-2a6d6f36 elementor-widget elementor-widget-text-editor\" data-id=\"2a6d6f36\" data-element_type=\"widget\" data-e-type=\"widget\" data-widget_type=\"text-editor.default\">\n\t\t\t\t<div class=\"elementor-widget-container\">\n\t\t\t\t\t\t\t\t\t<p>Con\u00e9ctate con nuestra escuela de idiomas y descubre oportunidades ling\u00fc\u00edsticas emocionantes en el coraz\u00f3n de Braunschweig. \u00a1Aprende, practica y sum\u00e9rgete en una experiencia educativa multicultural!<\/p>\t\t\t\t\t\t\t\t<\/div>\n\t\t\t\t<\/div>\n\t\t\t\t\t<\/div>\n\t\t<\/div>\n\t\t\t\t\t<\/div>\n\t\t<\/section>\n\t\t\t\t<section class=\"elementor-section elementor-top-section elementor-element elementor-element-3745261f elementor-section-boxed elementor-section-height-default elementor-section-height-default\" data-id=\"3745261f\" data-element_type=\"section\" data-e-type=\"section\">\n\t\t\t\t\t\t<div class=\"elementor-container elementor-column-gap-default\">\n\t\t\t\t\t<div class=\"elementor-column elementor-col-100 elementor-top-column elementor-element elementor-element-3437bfa2\" data-id=\"3437bfa2\" data-element_type=\"column\" data-e-type=\"column\">\n\t\t\t<div class=\"elementor-widget-wrap elementor-element-populated\">\n\t\t\t\t\t\t<div class=\"elementor-element elementor-element-4a059906 elementor-widget elementor-widget-text-editor\" data-id=\"4a059906\" data-element_type=\"widget\" data-e-type=\"widget\" data-widget_type=\"text-editor.default\">\n\t\t\t\t<div class=\"elementor-widget-container\">\n\t\t\t\t\t\t\t\t\t\n<div class=\"wpcf7 no-js\" id=\"wpcf7-f1560-o1\" lang=\"es-ES\" dir=\"ltr\" data-wpcf7-id=\"1560\">\n<div class=\"screen-reader-response\"><p role=\"status\" aria-live=\"polite\" aria-atomic=\"true\"><\/p> <ul><\/ul><\/div>\n<form action=\"\/es\/wp-json\/wp\/v2\/pages\/1556#wpcf7-f1560-o1\" method=\"post\" class=\"wpcf7-form init wpcf7-acceptance-as-validation\" aria-label=\"Formulario de contacto\" novalidate=\"novalidate\" data-status=\"init\">\n<fieldset class=\"hidden-fields-container\"><input type=\"hidden\" name=\"_wpcf7\" value=\"1560\" \/><input type=\"hidden\" name=\"_wpcf7_version\" value=\"6.1.5\" \/><input type=\"hidden\" name=\"_wpcf7_locale\" value=\"es_ES\" \/><input type=\"hidden\" name=\"_wpcf7_unit_tag\" value=\"wpcf7-f1560-o1\" \/><input type=\"hidden\" name=\"_wpcf7_container_post\" value=\"0\" \/><input type=\"hidden\" name=\"_wpcf7_posted_data_hash\" value=\"\" \/><input type=\"hidden\" name=\"_wpcf7_recaptcha_response\" value=\"\" \/>\n<\/fieldset>\n<p>Anrede: <span class=\"wpcf7-form-control-wrap\" data-name=\"anrede\"><select class=\"wpcf7-form-control wpcf7-select wpcf7-validates-as-required\" aria-required=\"true\" aria-invalid=\"false\" name=\"anrede\"><option value=\"\">&#8212;Por favor, elige una opci\u00f3n&#8212;<\/option><option value=\"Frau\">Frau<\/option><option value=\"Herr\">Herr<\/option><option value=\"keine geschlechtliche Anrede\">keine geschlechtliche Anrede<\/option><\/select><\/span>\n<\/p>\n<p>Firma: <span class=\"wpcf7-form-control-wrap\" data-name=\"Firma\"><input size=\"40\" maxlength=\"400\" class=\"wpcf7-form-control wpcf7-text fullwidth\" aria-invalid=\"false\" value=\"\" type=\"text\" name=\"Firma\" \/><\/span>\n<\/p>\n<p>Vorname*: <span class=\"wpcf7-form-control-wrap\" data-name=\"Vorname\"><input size=\"40\" maxlength=\"400\" class=\"wpcf7-form-control wpcf7-text wpcf7-validates-as-required lettersonly fullwidth\" aria-required=\"true\" aria-invalid=\"false\" value=\"\" type=\"text\" name=\"Vorname\" \/><\/span>\n<\/p>\n<p>Nachname*: <span class=\"wpcf7-form-control-wrap\" data-name=\"Nachname\"><input size=\"40\" maxlength=\"400\" class=\"wpcf7-form-control wpcf7-text wpcf7-validates-as-required fullwidth\" aria-required=\"true\" aria-invalid=\"false\" value=\"\" type=\"text\" name=\"Nachname\" \/><\/span>\n<\/p>\n<p>E-mail*: <span class=\"wpcf7-form-control-wrap\" data-name=\"email\"><input size=\"40\" maxlength=\"400\" class=\"wpcf7-form-control wpcf7-email wpcf7-validates-as-required wpcf7-text wpcf7-validates-as-email fullwidth\" aria-required=\"true\" aria-invalid=\"false\" value=\"\" type=\"email\" name=\"email\" \/><\/span>\n<\/p>\n<p>Telefon*: <span class=\"wpcf7-form-control-wrap\" data-name=\"Telefon\"><input size=\"40\" maxlength=\"400\" class=\"wpcf7-form-control wpcf7-text wpcf7-validates-as-required fullwidth\" aria-required=\"true\" aria-invalid=\"false\" value=\"\" type=\"text\" name=\"Telefon\" \/><\/span>\n<\/p>\n<p>Ihre Frage: <span class=\"wpcf7-form-control-wrap\" data-name=\"message\"><textarea cols=\"200\" rows=\"7\" maxlength=\"2000\" class=\"wpcf7-form-control wpcf7-textarea\" aria-invalid=\"false\" name=\"message\"><\/textarea><\/span>\n<\/p>\n<div style=\"\">\n\t<p><span class=\"wpcf7-form-control-wrap\" data-name=\"agb\"><span class=\"wpcf7-form-control wpcf7-acceptance\"><span class=\"wpcf7-list-item\"><input type=\"checkbox\" name=\"agb\" value=\"1\" aria-invalid=\"false\" \/><\/span><\/span><\/span> (*) Ich habe die <a href=\"https:\/\/www.sprachschule-aktiv-braunschweig.de\/allgemeine-geschaeftsbedingungen\/\" target=\"_blank\">Allgemeinen Gesch\u00e4ftsbedingungen<\/a> akzeptiert und habe die Hinweise zum <a href=\"https:\/\/www.sprachschule-aktiv-braunschweig.de\/datenschutzerklarung\/\" target=\"_blank\">Datenschutz<\/a> zur Kenntnis genommen.\n\t<\/p>\n<\/div>\n<p><b>Wichtige Information \u2013 Nutzung Ihrer Daten aus diesem Formular<\/b><br \/>\nWichtige Hinweise zum Datenschutz: Ich habe zur Kenntnis genommen, dass ich das Recht auf Auskunft, Korrektur, L\u00f6schung oder Anonymisierung meiner Daten habe. Ihre pers\u00f6nlichen Daten werden in unserer hausinternen Datenbank gespeichert und dienen ausschlie\u00dflich der Bearbeitung Ihrer Anfrage bzw. Anmeldung. Wir geben Ihre pers\u00f6nlichen Daten grunds\u00e4tzlich nicht ohne Ihre Einwilligung an Dritte weiter, sofern dies nicht zur Vertragsdurchf\u00fchrung notwendig ist oder Sie uns dazu auffordern. Weitere Informationen entnehmen Sie bitte unserer <a href=\"https:\/\/www.sprachschule-aktiv-braunschweig.de\/datenschutzerklarung\/\" target=\"_blank\">Datenschutzerkl\u00e4rung<\/a>.\n<\/p>\n<p><input class=\"wpcf7-form-control wpcf7-submit has-spinner fullwidth\" type=\"submit\" value=\"Senden\" \/>\n<\/p><div class=\"wpcf7-response-output\" aria-hidden=\"true\"><\/div>\n<\/form>\n<\/div>\n\t\t\t\t\t\t\t\t<\/div>\n\t\t\t\t<\/div>\n\t\t\t\t\t<\/div>\n\t\t<\/div>\n\t\t\t\t\t<\/div>\n\t\t<\/section>\n\t\t\t\t<\/div>\n\t\t","protected":false},"excerpt":{"rendered":"<p>\u00a1Cont\u00e1ctanos para explorar un mundo de idiomas en Braunschweig! Con\u00e9ctate con nuestra escuela de idiomas y descubre oportunidades ling\u00fc\u00edsticas emocionantes en el coraz\u00f3n de Braunschweig. \u00a1Aprende, practica y sum\u00e9rgete en una experiencia educativa multicultural!<\/p>\n","protected":false},"author":1,"featured_media":0,"parent":0,"menu_order":0,"comment_status":"closed","ping_status":"closed","template":"","meta":{"footnotes":""},"class_list":["post-1556","page","type-page","status-publish","hentry"],"yoast_head":"<!-- This site is optimized with the Yoast SEO plugin v27.1.1 - https:\/\/yoast.com\/product\/yoast-seo-wordpress\/ -->\n<title>Contacta con nosotros - Formulario de contacto<\/title>\n<meta name=\"description\" content=\"Formulario de contacto de la Sprachschule Aktiv en Braunschweig. Busca un curso de idiomas en Braunschweig. Por favor haga su pregunta.\" \/>\n<meta name=\"robots\" content=\"index, follow, max-snippet:-1, max-image-preview:large, max-video-preview:-1\" \/>\n<link rel=\"canonical\" href=\"https:\/\/www.sprachschule-aktiv-braunschweig.de\/es\/contactar\/\" \/>\n<meta property=\"og:locale\" content=\"es_ES\" \/>\n<meta property=\"og:type\" content=\"article\" \/>\n<meta property=\"og:title\" content=\"Contacta con nosotros - Formulario de contacto\" \/>\n<meta property=\"og:description\" content=\"Formulario de contacto de la Sprachschule Aktiv en Braunschweig. Busca un curso de idiomas en Braunschweig. Por favor haga su pregunta.\" \/>\n<meta property=\"og:url\" content=\"https:\/\/www.sprachschule-aktiv-braunschweig.de\/es\/contactar\/\" \/>\n<meta property=\"og:site_name\" content=\"Sprachschule Aktiv Braunschweig\" \/>\n<meta property=\"article:modified_time\" content=\"2023-09-29T03:55:58+00:00\" \/>\n<meta name=\"twitter:card\" content=\"summary_large_image\" \/>\n<meta name=\"twitter:label1\" content=\"Tiempo de lectura\" \/>\n\t<meta name=\"twitter:data1\" content=\"1 minuto\" \/>\n<script type=\"application\/ld+json\" class=\"yoast-schema-graph\">{\"@context\":\"https:\/\/schema.org\",\"@graph\":[{\"@type\":\"WebPage\",\"@id\":\"https:\/\/www.sprachschule-aktiv-braunschweig.de\/es\/contactar\/\",\"url\":\"https:\/\/www.sprachschule-aktiv-braunschweig.de\/es\/contactar\/\",\"name\":\"Contacta con nosotros - Formulario de contacto\",\"isPartOf\":{\"@id\":\"https:\/\/www.sprachschule-aktiv-braunschweig.de\/#website\"},\"datePublished\":\"2023-06-21T20:13:55+00:00\",\"dateModified\":\"2023-09-29T03:55:58+00:00\",\"description\":\"Formulario de contacto de la Sprachschule Aktiv en Braunschweig. Busca un curso de idiomas en Braunschweig. Por favor haga su pregunta.\",\"breadcrumb\":{\"@id\":\"https:\/\/www.sprachschule-aktiv-braunschweig.de\/es\/contactar\/#breadcrumb\"},\"inLanguage\":\"es\",\"potentialAction\":[{\"@type\":\"ReadAction\",\"target\":[\"https:\/\/www.sprachschule-aktiv-braunschweig.de\/es\/contactar\/\"]}]},{\"@type\":\"BreadcrumbList\",\"@id\":\"https:\/\/www.sprachschule-aktiv-braunschweig.de\/es\/contactar\/#breadcrumb\",\"itemListElement\":[{\"@type\":\"ListItem\",\"position\":1,\"name\":\"Startseite\",\"item\":\"https:\/\/www.sprachschule-aktiv-braunschweig.de\/es\/\"},{\"@type\":\"ListItem\",\"position\":2,\"name\":\"Contacta con nosotros \u2013 Sprachschule Aktiv\"}]},{\"@type\":\"WebSite\",\"@id\":\"https:\/\/www.sprachschule-aktiv-braunschweig.de\/#website\",\"url\":\"https:\/\/www.sprachschule-aktiv-braunschweig.de\/\",\"name\":\"Sprachschule Aktiv Braunschweig\",\"description\":\"\",\"potentialAction\":[{\"@type\":\"SearchAction\",\"target\":{\"@type\":\"EntryPoint\",\"urlTemplate\":\"https:\/\/www.sprachschule-aktiv-braunschweig.de\/?s={search_term_string}\"},\"query-input\":{\"@type\":\"PropertyValueSpecification\",\"valueRequired\":true,\"valueName\":\"search_term_string\"}}],\"inLanguage\":\"es\"}]}<\/script>\n<!-- \/ Yoast SEO plugin. -->","yoast_head_json":{"title":"Contacta con nosotros - Formulario de contacto","description":"Formulario de contacto de la Sprachschule Aktiv en Braunschweig. Busca un curso de idiomas en Braunschweig. Por favor haga su pregunta.","robots":{"index":"index","follow":"follow","max-snippet":"max-snippet:-1","max-image-preview":"max-image-preview:large","max-video-preview":"max-video-preview:-1"},"canonical":"https:\/\/www.sprachschule-aktiv-braunschweig.de\/es\/contactar\/","og_locale":"es_ES","og_type":"article","og_title":"Contacta con nosotros - Formulario de contacto","og_description":"Formulario de contacto de la Sprachschule Aktiv en Braunschweig. Busca un curso de idiomas en Braunschweig. Por favor haga su pregunta.","og_url":"https:\/\/www.sprachschule-aktiv-braunschweig.de\/es\/contactar\/","og_site_name":"Sprachschule Aktiv Braunschweig","article_modified_time":"2023-09-29T03:55:58+00:00","twitter_card":"summary_large_image","twitter_misc":{"Tiempo de lectura":"1 minuto"},"schema":{"@context":"https:\/\/schema.org","@graph":[{"@type":"WebPage","@id":"https:\/\/www.sprachschule-aktiv-braunschweig.de\/es\/contactar\/","url":"https:\/\/www.sprachschule-aktiv-braunschweig.de\/es\/contactar\/","name":"Contacta con nosotros - Formulario de contacto","isPartOf":{"@id":"https:\/\/www.sprachschule-aktiv-braunschweig.de\/#website"},"datePublished":"2023-06-21T20:13:55+00:00","dateModified":"2023-09-29T03:55:58+00:00","description":"Formulario de contacto de la Sprachschule Aktiv en Braunschweig. Busca un curso de idiomas en Braunschweig. Por favor haga su pregunta.","breadcrumb":{"@id":"https:\/\/www.sprachschule-aktiv-braunschweig.de\/es\/contactar\/#breadcrumb"},"inLanguage":"es","potentialAction":[{"@type":"ReadAction","target":["https:\/\/www.sprachschule-aktiv-braunschweig.de\/es\/contactar\/"]}]},{"@type":"BreadcrumbList","@id":"https:\/\/www.sprachschule-aktiv-braunschweig.de\/es\/contactar\/#breadcrumb","itemListElement":[{"@type":"ListItem","position":1,"name":"Startseite","item":"https:\/\/www.sprachschule-aktiv-braunschweig.de\/es\/"},{"@type":"ListItem","position":2,"name":"Contacta con nosotros \u2013 Sprachschule Aktiv"}]},{"@type":"WebSite","@id":"https:\/\/www.sprachschule-aktiv-braunschweig.de\/#website","url":"https:\/\/www.sprachschule-aktiv-braunschweig.de\/","name":"Sprachschule Aktiv Braunschweig","description":"","potentialAction":[{"@type":"SearchAction","target":{"@type":"EntryPoint","urlTemplate":"https:\/\/www.sprachschule-aktiv-braunschweig.de\/?s={search_term_string}"},"query-input":{"@type":"PropertyValueSpecification","valueRequired":true,"valueName":"search_term_string"}}],"inLanguage":"es"}]}},"_links":{"self":[{"href":"https:\/\/www.sprachschule-aktiv-braunschweig.de\/es\/wp-json\/wp\/v2\/pages\/1556","targetHints":{"allow":["GET"]}}],"collection":[{"href":"https:\/\/www.sprachschule-aktiv-braunschweig.de\/es\/wp-json\/wp\/v2\/pages"}],"about":[{"href":"https:\/\/www.sprachschule-aktiv-braunschweig.de\/es\/wp-json\/wp\/v2\/types\/page"}],"author":[{"embeddable":true,"href":"https:\/\/www.sprachschule-aktiv-braunschweig.de\/es\/wp-json\/wp\/v2\/users\/1"}],"replies":[{"embeddable":true,"href":"https:\/\/www.sprachschule-aktiv-braunschweig.de\/es\/wp-json\/wp\/v2\/comments?post=1556"}],"version-history":[{"count":8,"href":"https:\/\/www.sprachschule-aktiv-braunschweig.de\/es\/wp-json\/wp\/v2\/pages\/1556\/revisions"}],"predecessor-version":[{"id":2148,"href":"https:\/\/www.sprachschule-aktiv-braunschweig.de\/es\/wp-json\/wp\/v2\/pages\/1556\/revisions\/2148"}],"wp:attachment":[{"href":"https:\/\/www.sprachschule-aktiv-braunschweig.de\/es\/wp-json\/wp\/v2\/media?parent=1556"}],"curies":[{"name":"wp","href":"https:\/\/api.w.org\/{rel}","templated":true}]}}