{"id":1685,"date":"2023-06-21T22:20:05","date_gmt":"2023-06-21T20:20:05","guid":{"rendered":"https:\/\/www.sprachschule-aktiv-braunschweig.de\/anmeldung\/"},"modified":"2023-08-20T09:21:14","modified_gmt":"2023-08-20T07:21:14","slug":"registrati","status":"publish","type":"page","link":"https:\/\/www.sprachschule-aktiv-braunschweig.de\/it\/registrati\/","title":{"rendered":"Iscrizione ai corsi di lingua a Braunschweig &#8211; Prenota un corso!"},"content":{"rendered":"\t\t<div data-elementor-type=\"wp-page\" data-elementor-id=\"1685\" class=\"elementor elementor-1685 elementor-65\">\n\t\t\t\t\t\t<section class=\"elementor-section elementor-top-section elementor-element elementor-element-5a6af6df elementor-section-boxed elementor-section-height-default elementor-section-height-default\" data-id=\"5a6af6df\" data-element_type=\"section\" data-e-type=\"section\">\n\t\t\t\t\t\t<div class=\"elementor-container elementor-column-gap-default\">\n\t\t\t\t\t<div class=\"elementor-column elementor-col-100 elementor-top-column elementor-element elementor-element-874b669\" data-id=\"874b669\" data-element_type=\"column\" data-e-type=\"column\">\n\t\t\t<div class=\"elementor-widget-wrap elementor-element-populated\">\n\t\t\t\t\t\t<div class=\"elementor-element elementor-element-51153342 elementor-widget elementor-widget-heading\" data-id=\"51153342\" data-element_type=\"widget\" data-e-type=\"widget\" data-widget_type=\"heading.default\">\n\t\t\t\t<div class=\"elementor-widget-container\">\n\t\t\t\t\t<h2 class=\"elementor-heading-title elementor-size-default\">Iscrizione ai corsi di lingua.<\/h2>\t\t\t\t<\/div>\n\t\t\t\t<\/div>\n\t\t\t\t<div class=\"elementor-element elementor-element-731420db elementor-widget elementor-widget-text-editor\" data-id=\"731420db\" data-element_type=\"widget\" data-e-type=\"widget\" data-widget_type=\"text-editor.default\">\n\t\t\t\t<div class=\"elementor-widget-container\">\n\t\t\t\t\t\t\t\t\t<p>Iscrizione ai corsi di lingua &#8211; Si prega di compilare il modulo di iscrizione per il corso di lingua desiderato.<\/p>\t\t\t\t\t\t\t\t<\/div>\n\t\t\t\t<\/div>\n\t\t\t\t\t<\/div>\n\t\t<\/div>\n\t\t\t\t\t<\/div>\n\t\t<\/section>\n\t\t\t\t<section class=\"elementor-section elementor-top-section elementor-element elementor-element-2121c7d5 elementor-section-boxed elementor-section-height-default elementor-section-height-default\" data-id=\"2121c7d5\" data-element_type=\"section\" data-e-type=\"section\">\n\t\t\t\t\t\t<div class=\"elementor-container elementor-column-gap-default\">\n\t\t\t\t\t<div class=\"elementor-column elementor-col-100 elementor-top-column elementor-element elementor-element-7dcc365f\" data-id=\"7dcc365f\" data-element_type=\"column\" data-e-type=\"column\">\n\t\t\t<div class=\"elementor-widget-wrap elementor-element-populated\">\n\t\t\t\t\t\t<div class=\"elementor-element elementor-element-20dda07 elementor-widget elementor-widget-text-editor\" data-id=\"20dda07\" data-element_type=\"widget\" data-e-type=\"widget\" data-widget_type=\"text-editor.default\">\n\t\t\t\t<div class=\"elementor-widget-container\">\n\t\t\t\t\t\t\t\t\t<p>\n<div class=\"wpcf7 no-js\" id=\"wpcf7-f1690-o1\" lang=\"it-IT\" dir=\"ltr\" data-wpcf7-id=\"1690\">\n<div class=\"screen-reader-response\"><p role=\"status\" aria-live=\"polite\" aria-atomic=\"true\"><\/p> <ul><\/ul><\/div>\n<form action=\"\/it\/wp-json\/wp\/v2\/pages\/1685#wpcf7-f1690-o1\" method=\"post\" class=\"wpcf7-form init wpcf7-acceptance-as-validation\" aria-label=\"Modulo di contatto\" novalidate=\"novalidate\" data-status=\"init\">\n<fieldset class=\"hidden-fields-container\"><input type=\"hidden\" name=\"_wpcf7\" value=\"1690\" \/><input type=\"hidden\" name=\"_wpcf7_version\" value=\"6.1.5\" \/><input type=\"hidden\" name=\"_wpcf7_locale\" value=\"it_IT\" \/><input type=\"hidden\" name=\"_wpcf7_unit_tag\" value=\"wpcf7-f1690-o1\" \/><input type=\"hidden\" name=\"_wpcf7_container_post\" value=\"0\" \/><input type=\"hidden\" name=\"_wpcf7_posted_data_hash\" value=\"\" \/><input type=\"hidden\" name=\"_wpcf7_recaptcha_response\" value=\"\" \/>\n<\/fieldset>\n<p>Anrede*<br \/>\n<span class=\"wpcf7-form-control-wrap\" data-name=\"anrede\"><select class=\"wpcf7-form-control wpcf7-select\" aria-invalid=\"false\" name=\"anrede\"><option value=\"\">&#8212;Seleziona un&#039;opzione&#8212;<\/option><option value=\"Frau\">Frau<\/option><option value=\"Herr\">Herr<\/option><option value=\"keine geschlechtliche Anrede\">keine geschlechtliche Anrede<\/option><\/select><\/span>\n<\/p>\n<p>Firma:<br \/>\n<span class=\"wpcf7-form-control-wrap\" data-name=\"Firma\"><input size=\"40\" maxlength=\"400\" class=\"wpcf7-form-control wpcf7-text\" aria-invalid=\"false\" value=\"\" type=\"text\" name=\"Firma\" \/><\/span>\n<\/p>\n<p>Vorname*:<br \/>\n<span class=\"wpcf7-form-control-wrap\" data-name=\"Vorname\"><input size=\"40\" maxlength=\"400\" class=\"wpcf7-form-control wpcf7-text wpcf7-validates-as-required\" aria-required=\"true\" aria-invalid=\"false\" value=\"\" type=\"text\" name=\"Vorname\" \/><\/span>\n<\/p>\n<p>Nachname*:<br \/>\n<span class=\"wpcf7-form-control-wrap\" data-name=\"Nachname\"><input size=\"40\" maxlength=\"400\" class=\"wpcf7-form-control wpcf7-text wpcf7-validates-as-required\" aria-required=\"true\" aria-invalid=\"false\" value=\"\" type=\"text\" name=\"Nachname\" \/><\/span>\n<\/p>\n<p>Adresse*:<br \/>\n<span class=\"wpcf7-form-control-wrap\" data-name=\"Adresse\"><input size=\"40\" maxlength=\"400\" class=\"wpcf7-form-control wpcf7-text wpcf7-validates-as-required\" aria-required=\"true\" aria-invalid=\"false\" value=\"\" type=\"text\" name=\"Adresse\" \/><\/span>\n<\/p>\n<p>PLZ\/Ort:<br \/>\n<span class=\"wpcf7-form-control-wrap\" data-name=\"PLZ\"><input size=\"40\" maxlength=\"400\" class=\"wpcf7-form-control wpcf7-text wpcf7-validates-as-required\" aria-required=\"true\" aria-invalid=\"false\" value=\"\" type=\"text\" name=\"PLZ\" \/><\/span>\n<\/p>\n<p>Telefon*:<br \/>\n<span class=\"wpcf7-form-control-wrap\" data-name=\"Telefon\"><input size=\"40\" maxlength=\"400\" class=\"wpcf7-form-control wpcf7-text wpcf7-validates-as-required\" aria-required=\"true\" aria-invalid=\"false\" value=\"\" type=\"text\" name=\"Telefon\" \/><\/span>\n<\/p>\n<p>E-mail*:<br \/>\n<span class=\"wpcf7-form-control-wrap\" data-name=\"Email\"><input size=\"40\" maxlength=\"400\" class=\"wpcf7-form-control wpcf7-email wpcf7-validates-as-required wpcf7-text wpcf7-validates-as-email medium\" aria-required=\"true\" aria-invalid=\"false\" value=\"\" type=\"email\" name=\"Email\" \/><\/span>\n<\/p>\n<p>Staatsangeh\u00f6rigkeit*:<br \/>\n<span class=\"wpcf7-form-control-wrap\" data-name=\"Nationality\"><input size=\"40\" maxlength=\"400\" class=\"wpcf7-form-control wpcf7-text wpcf7-validates-as-required\" aria-required=\"true\" aria-invalid=\"false\" value=\"\" type=\"text\" name=\"Nationality\" \/><\/span>\n<\/p>\n<p>Geburtsdatum*<br \/>\n<span class=\"wpcf7-form-control-wrap\" data-name=\"Geburtsdatum\"><input class=\"wpcf7-form-control wpcf7-date wpcf7-validates-as-required wpcf7-validates-as-date\" aria-required=\"true\" aria-invalid=\"false\" value=\"\" type=\"date\" name=\"Geburtsdatum\" \/><\/span>\n<\/p>\n<p><B>Kursinformationen: <\/b>\n<\/p>\n<p>Welche Sprache m\u00f6chten Sie lernen?* :<br \/>\n<span class=\"wpcf7-form-control-wrap\" data-name=\"Sprache\"><input size=\"40\" maxlength=\"400\" class=\"wpcf7-form-control wpcf7-text wpcf7-validates-as-required\" aria-required=\"true\" aria-invalid=\"false\" placeholder=\"z.B. Deutsch, Englisch, Spanisch\" value=\"\" type=\"text\" name=\"Sprache\" \/><\/span>\n<\/p>\n<p>Kursart*:<br \/>\n<span class=\"wpcf7-form-control-wrap\" data-name=\"Kursart\"><select class=\"wpcf7-form-control wpcf7-select wpcf7-validates-as-required\" aria-required=\"true\" aria-invalid=\"false\" name=\"Kursart\"><option value=\"\">&#8212;Seleziona un&#039;opzione&#8212;<\/option><option value=\"Intensivkurs 8 Wochen Montag bis Freitag, 20UE pro Woche: 980 euro\">Intensivkurs 8 Wochen Montag bis Freitag, 20UE pro Woche: 980 euro<\/option><option value=\"Intensivkurs 4 Wochen: Montag bis Freitag, 20UE pro Woche: 490 euro\">Intensivkurs 4 Wochen: Montag bis Freitag, 20UE pro Woche: 490 euro<\/option><option value=\"Abendkurs, 5 Wochen, 2 x Woche, 5UE pro Woche: 290 Euro\">Abendkurs, 5 Wochen, 2 x Woche, 5UE pro Woche: 290 Euro<\/option><option value=\"B2\/C1 Medizin, 8 Wochen, Montag bis Freitag, 20UE pro Woche: 980 Euro\">B2\/C1 Medizin, 8 Wochen, Montag bis Freitag, 20UE pro Woche: 980 Euro<\/option><option value=\"Vorbereitungskurs f\u00fcr die FSP Medizin, 12 Wochen, Montag bis Freitag, 20UE pro Woche: 1950 Euro\">Vorbereitungskurs f\u00fcr die FSP Medizin, 12 Wochen, Montag bis Freitag, 20UE pro Woche: 1950 Euro<\/option><option value=\"B2 Plus Intensivkurs: 8 Wochen Montag bis Freitag, 20UE pro Woche: 980 Euro\">B2 Plus Intensivkurs: 8 Wochen Montag bis Freitag, 20UE pro Woche: 980 Euro<\/option><option value=\"B2 Plus Intensivkurs: 4 Wochen Montag bis Freitag, 20UE pro Woche: 490 Euro\">B2 Plus Intensivkurs: 4 Wochen Montag bis Freitag, 20UE pro Woche: 490 Euro<\/option><option value=\"Vorbereitungskurs f\u00fcr die Telc Pr\u00fcfung: 3 Wochen, 2x Woche, 5UE pro Woche: 220 Euro\">Vorbereitungskurs f\u00fcr die Telc Pr\u00fcfung: 3 Wochen, 2x Woche, 5UE pro Woche: 220 Euro<\/option><\/select><\/span>\n<\/p>\n<p>Niveau*:<br \/>\n<span class=\"wpcf7-form-control-wrap\" data-name=\"niveau\"><span class=\"wpcf7-form-control wpcf7-checkbox wpcf7-validates-as-required checkbox-list\"><span class=\"wpcf7-list-item first\"><input type=\"checkbox\" name=\"niveau[]\" value=\"A1 (A1.1+A1.2) Intensivkurs\" \/><span class=\"wpcf7-list-item-label\">A1 (A1.1+A1.2) Intensivkurs<\/span><\/span><span class=\"wpcf7-list-item\"><input type=\"checkbox\" name=\"niveau[]\" value=\"A1.1\" \/><span class=\"wpcf7-list-item-label\">A1.1<\/span><\/span><span class=\"wpcf7-list-item\"><input type=\"checkbox\" name=\"niveau[]\" value=\"A1.2\" \/><span class=\"wpcf7-list-item-label\">A1.2<\/span><\/span><span class=\"wpcf7-list-item\"><input type=\"checkbox\" name=\"niveau[]\" value=\"A2 (A2.1+A2.2) Intensivkurs\" \/><span class=\"wpcf7-list-item-label\">A2 (A2.1+A2.2) Intensivkurs<\/span><\/span><span class=\"wpcf7-list-item\"><input type=\"checkbox\" name=\"niveau[]\" value=\"A 2.1\" \/><span class=\"wpcf7-list-item-label\">A 2.1<\/span><\/span><span class=\"wpcf7-list-item\"><input type=\"checkbox\" name=\"niveau[]\" value=\"A 2.2\" \/><span class=\"wpcf7-list-item-label\">A 2.2<\/span><\/span><span class=\"wpcf7-list-item\"><input type=\"checkbox\" name=\"niveau[]\" value=\"B1 (B1.1+B1.2) Intensivkurs\" \/><span class=\"wpcf7-list-item-label\">B1 (B1.1+B1.2) Intensivkurs<\/span><\/span><span class=\"wpcf7-list-item\"><input type=\"checkbox\" name=\"niveau[]\" value=\"B 1.1\" \/><span class=\"wpcf7-list-item-label\">B 1.1<\/span><\/span><span class=\"wpcf7-list-item\"><input type=\"checkbox\" name=\"niveau[]\" value=\"B 1.2\" \/><span class=\"wpcf7-list-item-label\">B 1.2<\/span><\/span><span class=\"wpcf7-list-item\"><input type=\"checkbox\" name=\"niveau[]\" value=\"B2 (B2.1+B2.2) Intensivkurs\" \/><span class=\"wpcf7-list-item-label\">B2 (B2.1+B2.2) Intensivkurs<\/span><\/span><span class=\"wpcf7-list-item\"><input type=\"checkbox\" name=\"niveau[]\" value=\"B 2.1\" \/><span class=\"wpcf7-list-item-label\">B 2.1<\/span><\/span><span class=\"wpcf7-list-item\"><input type=\"checkbox\" name=\"niveau[]\" value=\"B 2.2\" \/><span class=\"wpcf7-list-item-label\">B 2.2<\/span><\/span><span class=\"wpcf7-list-item\"><input type=\"checkbox\" name=\"niveau[]\" value=\"C1 (C1.1+C1.2) Intensivkurs\" \/><span class=\"wpcf7-list-item-label\">C1 (C1.1+C1.2) Intensivkurs<\/span><\/span><span class=\"wpcf7-list-item\"><input type=\"checkbox\" name=\"niveau[]\" value=\"C 1.1\" \/><span class=\"wpcf7-list-item-label\">C 1.1<\/span><\/span><span class=\"wpcf7-list-item\"><input type=\"checkbox\" name=\"niveau[]\" value=\"C 1.2\" \/><span class=\"wpcf7-list-item-label\">C 1.2<\/span><\/span><span class=\"wpcf7-list-item last\"><input type=\"checkbox\" name=\"niveau[]\" value=\"C2 (C2.1+C2.2) Intensivkurs\" \/><span class=\"wpcf7-list-item-label\">C2 (C2.1+C2.2) Intensivkurs<\/span><\/span><\/span><\/span>\n<\/p>\n<p>Kursbeginn*:<br \/>\n<span class=\"wpcf7-form-control-wrap\" data-name=\"Kursbeginn\"><input class=\"wpcf7-form-control wpcf7-date wpcf7-validates-as-required wpcf7-validates-as-date\" aria-required=\"true\" aria-invalid=\"false\" value=\"\" type=\"date\" name=\"Kursbeginn\" \/><\/span>\n<\/p>\n<p>Dauer des Kurses*:<br \/>\n<span class=\"wpcf7-form-control-wrap\" data-name=\"dauer\"><input size=\"40\" maxlength=\"400\" class=\"wpcf7-form-control wpcf7-text wpcf7-validates-as-required\" aria-required=\"true\" aria-invalid=\"false\" placeholder=\"z.B. 4 Wochen f\u00fcr Intensivkurs\" value=\"\" type=\"text\" name=\"dauer\" \/><\/span>\n<\/p>\n<p><b>Zahlung: <\/b>\n<\/p>\n<p>Zahlungsmethoden:<br \/>\n<span class=\"wpcf7-form-control-wrap\" data-name=\"Zahlung\"><select class=\"wpcf7-form-control wpcf7-select wpcf7-validates-as-required\" aria-required=\"true\" aria-invalid=\"false\" name=\"Zahlung\"><option value=\"Bar zu Gesch\u00e4ftszeiten in unserem B\u00fcro\">Bar zu Gesch\u00e4ftszeiten in unserem B\u00fcro<\/option><option value=\"\u00dcberweisung\">\u00dcberweisung<\/option><\/select><\/span>\n<\/p>\n<p><b>Bemerkungen, Hinweise<\/b><br \/>\n<span class=\"wpcf7-form-control-wrap\" data-name=\"Bemerkungen\"><textarea cols=\"40\" rows=\"10\" maxlength=\"2000\" class=\"wpcf7-form-control wpcf7-textarea\" aria-invalid=\"false\" name=\"Bemerkungen\"><\/textarea><\/span>\n<\/p>\n<div style=\"\">\n\t<p><span class=\"wpcf7-form-control-wrap\" data-name=\"agb\"><span class=\"wpcf7-form-control wpcf7-acceptance\"><span class=\"wpcf7-list-item\"><input type=\"checkbox\" name=\"agb\" value=\"1\" aria-invalid=\"false\" \/><\/span><\/span><\/span> (*) Ich habe die <a href=\"https:\/\/www.sprachschule-aktiv-braunschweig.de\/allgemeine-geschaeftsbedingungen\/\" target=\"_blank\">Allgemeinen Gesch\u00e4ftsbedingungen<\/a> akzeptiert und habe die Hinweise zum <a href=\"https:\/\/www.sprachschule-aktiv-braunschweig.de\/datenschutzerklarung\/\" target=\"_blank\">Datenschutz<\/a> zur Kenntnis genommen.\n\t<\/p>\n<\/div>\n<p><b>Wichtige Information \u2013 Nutzung Ihrer Daten aus diesem Formular<\/b><br \/>\nWichtige Hinweise zum Datenschutz: Ich habe zur Kenntnis genommen, dass ich das Recht auf Auskunft, Korrektur, L\u00f6schung oder Anonymisierung meiner Daten habe. Ihre pers\u00f6nlichen Daten werden in unserer hausinternen Datenbank gespeichert und dienen ausschlie\u00dflich der Bearbeitung Ihrer Anfrage bzw. Anmeldung. Wir geben Ihre pers\u00f6nlichen Daten grunds\u00e4tzlich nicht ohne Ihre Einwilligung an Dritte weiter, sofern dies nicht zur Vertragsdurchf\u00fchrung notwendig ist oder Sie uns dazu auffordern. Weitere Informationen entnehmen Sie bitte unserer <a href=\"https:\/\/www.sprachschule-aktiv-braunschweig.de\/datenschutzerklarung\/\" target=\"_blank\">Datenschutzerkl\u00e4rung<\/a>.\n<\/p>\n<p><input class=\"wpcf7-form-control wpcf7-submit has-spinner\" type=\"submit\" value=\"Kostenpflichtig bestellen\" \/>\n<\/p><div class=\"wpcf7-response-output\" aria-hidden=\"true\"><\/div>\n<\/form>\n<\/div>\n<\/p>\t\t\t\t\t\t\t\t<\/div>\n\t\t\t\t<\/div>\n\t\t\t\t\t<\/div>\n\t\t<\/div>\n\t\t\t\t\t<\/div>\n\t\t<\/section>\n\t\t\t\t<\/div>\n\t\t","protected":false},"excerpt":{"rendered":"<p>Iscrizione ai corsi di lingua. Iscrizione ai corsi di lingua &#8211; Si prega di compilare il modulo di iscrizione per il corso di lingua desiderato.<\/p>\n","protected":false},"author":1,"featured_media":0,"parent":0,"menu_order":0,"comment_status":"closed","ping_status":"closed","template":"","meta":{"footnotes":""},"class_list":["post-1685","page","type-page","status-publish","hentry"],"yoast_head":"<!-- This site is optimized with the Yoast SEO plugin v27.1.1 - https:\/\/yoast.com\/product\/yoast-seo-wordpress\/ -->\n<title>Iscrizione ai corsi di lingua a Braunschweig - Prenota un corso!<\/title>\n<meta name=\"description\" content=\"In questa pagina puoi tranquillamente iscriverti a un corso di lingua. Modulo di iscrizione per i corsi di lingua presso la Scuola di Lingue Aktiv Braunschweig.\" \/>\n<meta name=\"robots\" content=\"index, follow, max-snippet:-1, max-image-preview:large, max-video-preview:-1\" \/>\n<link rel=\"canonical\" href=\"https:\/\/www.sprachschule-aktiv-braunschweig.de\/it\/registrati\/\" \/>\n<meta property=\"og:locale\" content=\"it_IT\" \/>\n<meta property=\"og:type\" content=\"article\" \/>\n<meta property=\"og:title\" content=\"Iscrizione ai corsi di lingua a Braunschweig - Prenota un corso!\" \/>\n<meta property=\"og:description\" content=\"In questa pagina puoi tranquillamente iscriverti a un corso di lingua. Modulo di iscrizione per i corsi di lingua presso la Scuola di Lingue Aktiv Braunschweig.\" \/>\n<meta property=\"og:url\" content=\"https:\/\/www.sprachschule-aktiv-braunschweig.de\/it\/registrati\/\" \/>\n<meta property=\"og:site_name\" content=\"Sprachschule Aktiv Braunschweig\" \/>\n<meta property=\"article:modified_time\" content=\"2023-08-20T07:21:14+00:00\" \/>\n<meta name=\"twitter:card\" content=\"summary_large_image\" \/>\n<meta name=\"twitter:label1\" content=\"Tempo di lettura stimato\" \/>\n\t<meta name=\"twitter:data1\" content=\"1 minuto\" \/>\n<script type=\"application\/ld+json\" class=\"yoast-schema-graph\">{\"@context\":\"https:\/\/schema.org\",\"@graph\":[{\"@type\":\"WebPage\",\"@id\":\"https:\/\/www.sprachschule-aktiv-braunschweig.de\/it\/registrati\/\",\"url\":\"https:\/\/www.sprachschule-aktiv-braunschweig.de\/it\/registrati\/\",\"name\":\"Iscrizione ai corsi di lingua a Braunschweig - Prenota un corso!\",\"isPartOf\":{\"@id\":\"https:\/\/www.sprachschule-aktiv-braunschweig.de\/#website\"},\"datePublished\":\"2023-06-21T20:20:05+00:00\",\"dateModified\":\"2023-08-20T07:21:14+00:00\",\"description\":\"In questa pagina puoi tranquillamente iscriverti a un corso di lingua. Modulo di iscrizione per i corsi di lingua presso la Scuola di Lingue Aktiv Braunschweig.\",\"breadcrumb\":{\"@id\":\"https:\/\/www.sprachschule-aktiv-braunschweig.de\/it\/registrati\/#breadcrumb\"},\"inLanguage\":\"it-IT\",\"potentialAction\":[{\"@type\":\"ReadAction\",\"target\":[\"https:\/\/www.sprachschule-aktiv-braunschweig.de\/it\/registrati\/\"]}]},{\"@type\":\"BreadcrumbList\",\"@id\":\"https:\/\/www.sprachschule-aktiv-braunschweig.de\/it\/registrati\/#breadcrumb\",\"itemListElement\":[{\"@type\":\"ListItem\",\"position\":1,\"name\":\"Startseite\",\"item\":\"https:\/\/www.sprachschule-aktiv-braunschweig.de\/\"},{\"@type\":\"ListItem\",\"position\":2,\"name\":\"Iscrizione ai corsi di lingua a Braunschweig &#8211; Prenota un corso!\"}]},{\"@type\":\"WebSite\",\"@id\":\"https:\/\/www.sprachschule-aktiv-braunschweig.de\/#website\",\"url\":\"https:\/\/www.sprachschule-aktiv-braunschweig.de\/\",\"name\":\"Sprachschule Aktiv Braunschweig\",\"description\":\"\",\"potentialAction\":[{\"@type\":\"SearchAction\",\"target\":{\"@type\":\"EntryPoint\",\"urlTemplate\":\"https:\/\/www.sprachschule-aktiv-braunschweig.de\/?s={search_term_string}\"},\"query-input\":{\"@type\":\"PropertyValueSpecification\",\"valueRequired\":true,\"valueName\":\"search_term_string\"}}],\"inLanguage\":\"it-IT\"}]}<\/script>\n<!-- \/ Yoast SEO plugin. -->","yoast_head_json":{"title":"Iscrizione ai corsi di lingua a Braunschweig - Prenota un corso!","description":"In questa pagina puoi tranquillamente iscriverti a un corso di lingua. Modulo di iscrizione per i corsi di lingua presso la Scuola di Lingue Aktiv Braunschweig.","robots":{"index":"index","follow":"follow","max-snippet":"max-snippet:-1","max-image-preview":"max-image-preview:large","max-video-preview":"max-video-preview:-1"},"canonical":"https:\/\/www.sprachschule-aktiv-braunschweig.de\/it\/registrati\/","og_locale":"it_IT","og_type":"article","og_title":"Iscrizione ai corsi di lingua a Braunschweig - Prenota un corso!","og_description":"In questa pagina puoi tranquillamente iscriverti a un corso di lingua. Modulo di iscrizione per i corsi di lingua presso la Scuola di Lingue Aktiv Braunschweig.","og_url":"https:\/\/www.sprachschule-aktiv-braunschweig.de\/it\/registrati\/","og_site_name":"Sprachschule Aktiv Braunschweig","article_modified_time":"2023-08-20T07:21:14+00:00","twitter_card":"summary_large_image","twitter_misc":{"Tempo di lettura stimato":"1 minuto"},"schema":{"@context":"https:\/\/schema.org","@graph":[{"@type":"WebPage","@id":"https:\/\/www.sprachschule-aktiv-braunschweig.de\/it\/registrati\/","url":"https:\/\/www.sprachschule-aktiv-braunschweig.de\/it\/registrati\/","name":"Iscrizione ai corsi di lingua a Braunschweig - Prenota un corso!","isPartOf":{"@id":"https:\/\/www.sprachschule-aktiv-braunschweig.de\/#website"},"datePublished":"2023-06-21T20:20:05+00:00","dateModified":"2023-08-20T07:21:14+00:00","description":"In questa pagina puoi tranquillamente iscriverti a un corso di lingua. Modulo di iscrizione per i corsi di lingua presso la Scuola di Lingue Aktiv Braunschweig.","breadcrumb":{"@id":"https:\/\/www.sprachschule-aktiv-braunschweig.de\/it\/registrati\/#breadcrumb"},"inLanguage":"it-IT","potentialAction":[{"@type":"ReadAction","target":["https:\/\/www.sprachschule-aktiv-braunschweig.de\/it\/registrati\/"]}]},{"@type":"BreadcrumbList","@id":"https:\/\/www.sprachschule-aktiv-braunschweig.de\/it\/registrati\/#breadcrumb","itemListElement":[{"@type":"ListItem","position":1,"name":"Startseite","item":"https:\/\/www.sprachschule-aktiv-braunschweig.de\/"},{"@type":"ListItem","position":2,"name":"Iscrizione ai corsi di lingua a Braunschweig &#8211; Prenota un corso!"}]},{"@type":"WebSite","@id":"https:\/\/www.sprachschule-aktiv-braunschweig.de\/#website","url":"https:\/\/www.sprachschule-aktiv-braunschweig.de\/","name":"Sprachschule Aktiv Braunschweig","description":"","potentialAction":[{"@type":"SearchAction","target":{"@type":"EntryPoint","urlTemplate":"https:\/\/www.sprachschule-aktiv-braunschweig.de\/?s={search_term_string}"},"query-input":{"@type":"PropertyValueSpecification","valueRequired":true,"valueName":"search_term_string"}}],"inLanguage":"it-IT"}]}},"_links":{"self":[{"href":"https:\/\/www.sprachschule-aktiv-braunschweig.de\/it\/wp-json\/wp\/v2\/pages\/1685","targetHints":{"allow":["GET"]}}],"collection":[{"href":"https:\/\/www.sprachschule-aktiv-braunschweig.de\/it\/wp-json\/wp\/v2\/pages"}],"about":[{"href":"https:\/\/www.sprachschule-aktiv-braunschweig.de\/it\/wp-json\/wp\/v2\/types\/page"}],"author":[{"embeddable":true,"href":"https:\/\/www.sprachschule-aktiv-braunschweig.de\/it\/wp-json\/wp\/v2\/users\/1"}],"replies":[{"embeddable":true,"href":"https:\/\/www.sprachschule-aktiv-braunschweig.de\/it\/wp-json\/wp\/v2\/comments?post=1685"}],"version-history":[{"count":7,"href":"https:\/\/www.sprachschule-aktiv-braunschweig.de\/it\/wp-json\/wp\/v2\/pages\/1685\/revisions"}],"predecessor-version":[{"id":1693,"href":"https:\/\/www.sprachschule-aktiv-braunschweig.de\/it\/wp-json\/wp\/v2\/pages\/1685\/revisions\/1693"}],"wp:attachment":[{"href":"https:\/\/www.sprachschule-aktiv-braunschweig.de\/it\/wp-json\/wp\/v2\/media?parent=1685"}],"curies":[{"name":"wp","href":"https:\/\/api.w.org\/{rel}","templated":true}]}}