{"id":2773,"date":"2023-07-22T08:25:00","date_gmt":"2023-07-22T06:25:00","guid":{"rendered":"https:\/\/www.sprachschule-aktiv-braunschweig.de\/sprachvisum-fuer-studenten-deutschlerner\/"},"modified":"2023-07-22T08:25:00","modified_gmt":"2023-07-22T06:25:00","slug":"sprachvisum-fuer-studenten-deutschlerner","status":"publish","type":"page","link":"https:\/\/www.sprachschule-aktiv-braunschweig.de\/it\/sprachvisum-fuer-studenten-deutschlerner\/","title":{"rendered":"Ihr Weg zum Sprachvisum: Deutsch lernen in Braunschweig"},"content":{"rendered":"\t\t<div data-elementor-type=\"wp-page\" data-elementor-id=\"2773\" class=\"elementor elementor-2773 elementor-534\">\n\t\t\t\t\t\t<section class=\"elementor-section elementor-top-section elementor-element elementor-element-571b329f elementor-section-boxed elementor-section-height-default elementor-section-height-default\" data-id=\"571b329f\" data-element_type=\"section\" data-e-type=\"section\">\n\t\t\t\t\t\t<div class=\"elementor-container elementor-column-gap-default\">\n\t\t\t\t\t<div class=\"elementor-column elementor-col-100 elementor-top-column elementor-element elementor-element-7ebe683b\" data-id=\"7ebe683b\" data-element_type=\"column\" data-e-type=\"column\">\n\t\t\t<div class=\"elementor-widget-wrap elementor-element-populated\">\n\t\t\t\t\t\t<section class=\"elementor-section elementor-inner-section elementor-element elementor-element-1690f873 elementor-section-content-middle elementor-section-boxed elementor-section-height-default elementor-section-height-default\" data-id=\"1690f873\" data-element_type=\"section\" data-e-type=\"section\">\n\t\t\t\t\t\t<div class=\"elementor-container elementor-column-gap-default\">\n\t\t\t\t\t<div class=\"elementor-column elementor-col-50 elementor-inner-column elementor-element elementor-element-794a0295\" data-id=\"794a0295\" data-element_type=\"column\" data-e-type=\"column\">\n\t\t\t<div class=\"elementor-widget-wrap elementor-element-populated\">\n\t\t\t\t\t\t<div class=\"elementor-element elementor-element-16c40f0 elementor-widget elementor-widget-text-editor\" data-id=\"16c40f0\" data-element_type=\"widget\" data-e-type=\"widget\" data-widget_type=\"text-editor.default\">\n\t\t\t\t<div class=\"elementor-widget-container\">\n\t\t\t\t\t\t\t\t\t<h2>Sprachvisum f\u00fcr Deutschlerner und Studenten in Braunschweig<\/h2>\t\t\t\t\t\t\t\t<\/div>\n\t\t\t\t<\/div>\n\t\t\t\t<div class=\"elementor-element elementor-element-895b020 elementor-widget elementor-widget-text-editor\" data-id=\"895b020\" data-element_type=\"widget\" data-e-type=\"widget\" data-widget_type=\"text-editor.default\">\n\t\t\t\t<div class=\"elementor-widget-container\">\n\t\t\t\t\t\t\t\t\t<p>Das Erlernen der deutschen Sprache kann eine lohnende Erfahrung sein, insbesondere wenn Sie Ihre F\u00e4higkeiten direkt in Deutschland verbessern m\u00f6chten. In diesem Artikel f\u00fchren wir Sie durch den Prozess, wie Sie ein Sprachvisum f\u00fcr einen Deutschkurs in Braunschweig erhalten k\u00f6nnen. Lesen Sie weiter und entdecken Sie die M\u00f6glichkeiten, Ihre Sprachkenntnisse auf die n\u00e4chste Stufe zu heben.<\/p>\t\t\t\t\t\t\t\t<\/div>\n\t\t\t\t<\/div>\n\t\t\t\t<div class=\"elementor-element elementor-element-2e544ea6 elementor-widget elementor-widget-button\" data-id=\"2e544ea6\" data-element_type=\"widget\" data-e-type=\"widget\" data-widget_type=\"button.default\">\n\t\t\t\t<div class=\"elementor-widget-container\">\n\t\t\t\t\t\t\t\t\t<div class=\"elementor-button-wrapper\">\n\t\t\t\t\t<a class=\"elementor-button elementor-button-link elementor-size-lg\" href=\"https:\/\/www.sprachschule-aktiv-braunschweig.de\/kontaktformular\/\">\n\t\t\t\t\t\t<span class=\"elementor-button-content-wrapper\">\n\t\t\t\t\t\t<span class=\"elementor-button-icon\">\n\t\t\t\t<i aria-hidden=\"true\" class=\"fas fa-angle-double-right\"><\/i>\t\t\t<\/span>\n\t\t\t\t\t\t\t\t\t<span class=\"elementor-button-text\">Schnelle Anfrage!<\/span>\n\t\t\t\t\t<\/span>\n\t\t\t\t\t<\/a>\n\t\t\t\t<\/div>\n\t\t\t\t\t\t\t\t<\/div>\n\t\t\t\t<\/div>\n\t\t\t\t\t<\/div>\n\t\t<\/div>\n\t\t\t\t<div class=\"elementor-column elementor-col-50 elementor-inner-column elementor-element elementor-element-30f23969\" data-id=\"30f23969\" data-element_type=\"column\" data-e-type=\"column\">\n\t\t\t<div class=\"elementor-widget-wrap elementor-element-populated\">\n\t\t\t\t\t\t<div class=\"elementor-element elementor-element-363f1433 elementor-widget elementor-widget-video\" data-id=\"363f1433\" data-element_type=\"widget\" data-e-type=\"widget\" data-settings=\"{&quot;youtube_url&quot;:&quot;https:\\\/\\\/youtu.be\\\/JOvJI8b4z_E&quot;,&quot;video_type&quot;:&quot;youtube&quot;,&quot;controls&quot;:&quot;yes&quot;}\" data-widget_type=\"video.default\">\n\t\t\t\t<div class=\"elementor-widget-container\">\n\t\t\t\t\t\t\t<div class=\"elementor-wrapper elementor-open-inline\">\n\t\t\t<div class=\"elementor-video\"><\/div>\t\t<\/div>\n\t\t\t\t\t\t<\/div>\n\t\t\t\t<\/div>\n\t\t\t\t\t<\/div>\n\t\t<\/div>\n\t\t\t\t\t<\/div>\n\t\t<\/section>\n\t\t\t\t\t<\/div>\n\t\t<\/div>\n\t\t\t\t\t<\/div>\n\t\t<\/section>\n\t\t\t\t<section class=\"elementor-section elementor-top-section elementor-element elementor-element-2a2c9f07 elementor-section-boxed elementor-section-height-default elementor-section-height-default\" data-id=\"2a2c9f07\" data-element_type=\"section\" data-e-type=\"section\">\n\t\t\t\t\t\t<div class=\"elementor-container elementor-column-gap-default\">\n\t\t\t\t\t<div class=\"elementor-column elementor-col-100 elementor-top-column elementor-element elementor-element-1f9b79b1\" data-id=\"1f9b79b1\" data-element_type=\"column\" data-e-type=\"column\">\n\t\t\t<div class=\"elementor-widget-wrap elementor-element-populated\">\n\t\t\t\t\t\t<section class=\"elementor-section elementor-inner-section elementor-element elementor-element-7c1f40dd elementor-section-content-middle elementor-section-boxed elementor-section-height-default elementor-section-height-default\" data-id=\"7c1f40dd\" data-element_type=\"section\" data-e-type=\"section\">\n\t\t\t\t\t\t<div class=\"elementor-container elementor-column-gap-default\">\n\t\t\t\t\t<div class=\"elementor-column elementor-col-50 elementor-inner-column elementor-element elementor-element-5cd35b88\" data-id=\"5cd35b88\" data-element_type=\"column\" data-e-type=\"column\">\n\t\t\t<div class=\"elementor-widget-wrap elementor-element-populated\">\n\t\t\t\t\t\t<div class=\"elementor-element elementor-element-7a8b4d74 elementor-widget elementor-widget-image\" data-id=\"7a8b4d74\" data-element_type=\"widget\" data-e-type=\"widget\" data-widget_type=\"image.default\">\n\t\t\t\t<div class=\"elementor-widget-container\">\n\t\t\t\t\t\t\t\t\t\t\t\t\t\t\t<img fetchpriority=\"high\" decoding=\"async\" width=\"600\" height=\"400\" src=\"https:\/\/www.sprachschule-aktiv-braunschweig.de\/wp-content\/uploads\/2023\/07\/sprachvisum-fuer-studenten-und-deutschlerner-in-braunschweig.webp\" class=\"attachment-large size-large wp-image-2774\" alt=\"\" srcset=\"https:\/\/www.sprachschule-aktiv-braunschweig.de\/wp-content\/uploads\/2023\/07\/sprachvisum-fuer-studenten-und-deutschlerner-in-braunschweig.webp 600w, https:\/\/www.sprachschule-aktiv-braunschweig.de\/wp-content\/uploads\/2023\/07\/sprachvisum-fuer-studenten-und-deutschlerner-in-braunschweig-300x200.webp 300w\" sizes=\"(max-width: 600px) 100vw, 600px\" \/>\t\t\t\t\t\t\t\t\t\t\t\t\t\t\t<\/div>\n\t\t\t\t<\/div>\n\t\t\t\t\t<\/div>\n\t\t<\/div>\n\t\t\t\t<div class=\"elementor-column elementor-col-50 elementor-inner-column elementor-element elementor-element-12f444b\" data-id=\"12f444b\" data-element_type=\"column\" data-e-type=\"column\">\n\t\t\t<div class=\"elementor-widget-wrap elementor-element-populated\">\n\t\t\t\t\t\t<div class=\"elementor-element elementor-element-72692fd elementor-widget elementor-widget-heading\" data-id=\"72692fd\" data-element_type=\"widget\" data-e-type=\"widget\" data-widget_type=\"heading.default\">\n\t\t\t\t<div class=\"elementor-widget-container\">\n\t\t\t\t\t<h2 class=\"elementor-heading-title elementor-size-default\">Ein Sprachvisum: Ihr Ticket f\u00fcr intensive Deutschkurse in Braunschweig<\/h2>\t\t\t\t<\/div>\n\t\t\t\t<\/div>\n\t\t\t\t<div class=\"elementor-element elementor-element-2669c6ca elementor-widget elementor-widget-text-editor\" data-id=\"2669c6ca\" data-element_type=\"widget\" data-e-type=\"widget\" data-widget_type=\"text-editor.default\">\n\t\t\t\t<div class=\"elementor-widget-container\">\n\t\t\t\t\t\t\t\t\t<p>Ein Sprachvisum erm\u00f6glicht es Ihnen, f\u00fcr bis zu einem Jahr in Deutschland zu bleiben und an einem intensiven Deutschkurs teilzunehmen. Aber wie genau beantragen Sie dieses Visum und welche Voraussetzungen m\u00fcssen Sie erf\u00fcllen?<\/p>\t\t\t\t\t\t\t\t<\/div>\n\t\t\t\t<\/div>\n\t\t\t\t\t<\/div>\n\t\t<\/div>\n\t\t\t\t\t<\/div>\n\t\t<\/section>\n\t\t\t\t\t<\/div>\n\t\t<\/div>\n\t\t\t\t\t<\/div>\n\t\t<\/section>\n\t\t\t\t<section class=\"elementor-section elementor-top-section elementor-element elementor-element-38179f12 elementor-section-boxed elementor-section-height-default elementor-section-height-default\" data-id=\"38179f12\" data-element_type=\"section\" data-e-type=\"section\" data-settings=\"{&quot;background_background&quot;:&quot;classic&quot;}\">\n\t\t\t\t\t\t<div class=\"elementor-container elementor-column-gap-default\">\n\t\t\t\t\t<div class=\"elementor-column elementor-col-100 elementor-top-column elementor-element elementor-element-80be71\" data-id=\"80be71\" data-element_type=\"column\" data-e-type=\"column\">\n\t\t\t<div class=\"elementor-widget-wrap elementor-element-populated\">\n\t\t\t\t\t\t<div class=\"elementor-element elementor-element-939fdc7 elementor-widget elementor-widget-text-editor\" data-id=\"939fdc7\" data-element_type=\"widget\" data-e-type=\"widget\" data-widget_type=\"text-editor.default\">\n\t\t\t\t<div class=\"elementor-widget-container\">\n\t\t\t\t\t\t\t\t\t<h2>Unsere Intensivkurse f\u00fcr Ihr Sprachvisum in Deutschland<\/h2><p><strong>Kursbeginn: <\/strong>am\u00a0ersten Montag im Monat<\/p><p><strong>Termine:<\/strong> Montag bis Freitag von 9:00 bis 12:00 Uhr<\/p><p><strong>Kursdauer:<\/strong> 4 Wochen<\/p><p><strong>Preis: <\/strong>499 \u20ac<\/p>\t\t\t\t\t\t\t\t<\/div>\n\t\t\t\t<\/div>\n\t\t\t\t<div class=\"elementor-element elementor-element-7b2d156b elementor-widget elementor-widget-button\" data-id=\"7b2d156b\" data-element_type=\"widget\" data-e-type=\"widget\" data-widget_type=\"button.default\">\n\t\t\t\t<div class=\"elementor-widget-container\">\n\t\t\t\t\t\t\t\t\t<div class=\"elementor-button-wrapper\">\n\t\t\t\t\t<a class=\"elementor-button elementor-button-link elementor-size-lg\" href=\"https:\/\/www.sprachschule-aktiv-braunschweig.de\/anmeldung\/\">\n\t\t\t\t\t\t<span class=\"elementor-button-content-wrapper\">\n\t\t\t\t\t\t<span class=\"elementor-button-icon\">\n\t\t\t\t<i aria-hidden=\"true\" class=\"fas fa-angle-double-right\"><\/i>\t\t\t<\/span>\n\t\t\t\t\t\t\t\t\t<span class=\"elementor-button-text\">Jetzt Buchen!<\/span>\n\t\t\t\t\t<\/span>\n\t\t\t\t\t<\/a>\n\t\t\t\t<\/div>\n\t\t\t\t\t\t\t\t<\/div>\n\t\t\t\t<\/div>\n\t\t\t\t\t<\/div>\n\t\t<\/div>\n\t\t\t\t\t<\/div>\n\t\t<\/section>\n\t\t\t\t<section class=\"elementor-section elementor-top-section elementor-element elementor-element-43c404f3 elementor-section-boxed elementor-section-height-default elementor-section-height-default\" data-id=\"43c404f3\" data-element_type=\"section\" data-e-type=\"section\">\n\t\t\t\t\t\t<div class=\"elementor-container elementor-column-gap-default\">\n\t\t\t\t\t<div class=\"elementor-column elementor-col-100 elementor-top-column elementor-element elementor-element-13bec77c\" data-id=\"13bec77c\" data-element_type=\"column\" data-e-type=\"column\">\n\t\t\t<div class=\"elementor-widget-wrap elementor-element-populated\">\n\t\t\t\t\t\t<div class=\"elementor-element elementor-element-4d6461e5 elementor-widget elementor-widget-text-editor\" data-id=\"4d6461e5\" data-element_type=\"widget\" data-e-type=\"widget\" data-widget_type=\"text-editor.default\">\n\t\t\t\t<div class=\"elementor-widget-container\">\n\t\t\t\t\t\t\t\t\t<div class=\"group w-full text-gray-800 dark:text-gray-100 border-b border-black\/10 dark:border-gray-900\/50 bg-gray-50 dark:bg-[#444654]\"><div class=\"flex p-4 gap-4 text-base md:gap-6 md:max-w-2xl lg:max-w-[38rem] xl:max-w-3xl md:py-6 lg:px-0 m-auto\"><div class=\"relative flex w-[calc(100%-50px)] flex-col gap-1 md:gap-3 lg:w-[calc(100%-115px)]\"><div class=\"flex flex-grow flex-col gap-3\"><div class=\"min-h-[20px] flex items-start overflow-x-auto whitespace-pre-wrap break-words flex-col gap-4\"><div class=\"markdown prose w-full break-words dark:prose-invert light\"><h2>Visum Voraussetzungen und Antrag stellen<\/h2><p>Um ein Visum f\u00fcr Deutschland zu erhalten, m\u00fcssen Sie die folgenden Voraussetzungen erf\u00fcllen:<\/p><ul><li>Sie m\u00fcssen einen g\u00fcltigen Reisepass haben.<\/li><li>Sie m\u00fcssen ein Visumantragsformular ausf\u00fcllen.<\/li><li>Sie m\u00fcssen ein aktuelles Passfoto vorlegen.<\/li><li>Sie m\u00fcssen eine Best\u00e4tigung Ihrer Sprachschule vorlegen.<\/li><li>Sie m\u00fcssen nachweisen, dass Sie \u00fcber ausreichende finanzielle Mittel f\u00fcr Ihren Aufenthalt in Deutschland verf\u00fcgen.<\/li><\/ul><p>Sie k\u00f6nnen Ihren Visumantrag bei der deutschen Botschaft oder dem deutschen Konsulat in Ihrem Heimatland stellen. Der Antragsprozess kann einige Wochen dauern.<\/p><h2>Notwendige Unterlagen f\u00fcr das Visum in Deutschland<\/h2><p>Die folgenden Unterlagen m\u00fcssen Sie bei Ihrem Visumantrag vorlegen:<\/p><ul><li>Ausgef\u00fclltes Visumantragsformular<\/li><li>Aktuelles Passfoto<\/li><li>G\u00fcltiger Reisepass<\/li><li>Best\u00e4tigung Ihrer Sprachschule<\/li><li>Nachweis \u00fcber ausreichende finanzielle Mittel<\/li><li>Nachweis \u00fcber Krankenversicherung<\/li><li>Einladungsschreiben (falls erforderlich)<\/li><\/ul><h2>Wir helfen Ihnen f\u00fcr einen erfolgreichen Visumsantrag<\/h2><p>Wir helfen Ihnen gerne bei Ihrem Visumsantrag. Wir beraten Sie zu den Voraussetzungen und dem Antragsprozess und helfen Ihnen bei der Zusammenstellung der erforderlichen Unterlagen. Wir bereiten Ihren Visumantrag f\u00fcr Sie vor und reichen ihn bei der deutschen Botschaft oder dem deutschen Konsulat ein. Wir sorgen daf\u00fcr, dass Sie Ihr Visum rechtzeitig erhalten, damit Sie Ihren Deutschkurs in Braunschweig beginnen k\u00f6nnen.<\/p><h2>Fazit<\/h2><p>Die Beantragung eines Sprachvisums f\u00fcr einen Deutschkurs in Braunschweig kann zun\u00e4chst eine Herausforderung sein. Mit der richtigen Vorbereitung und Unterst\u00fctzung kann dieser Prozess jedoch reibungslos verlaufen.<\/p><p>Wenn Sie Deutsch lernen m\u00f6chten, k\u00f6nnen Sie einen Deutschkurs in Braunschweig besuchen. Um ein Visum f\u00fcr Deutschland zu erhalten, m\u00fcssen Sie die Voraussetzungen erf\u00fcllen und einen Visumantrag stellen. <strong>Wir helfen Ihnen gerne bei Ihrem Visumsantrag.<\/strong><\/p><\/div><\/div><\/div><\/div><\/div><\/div>\t\t\t\t\t\t\t\t<\/div>\n\t\t\t\t<\/div>\n\t\t\t\t\t<\/div>\n\t\t<\/div>\n\t\t\t\t\t<\/div>\n\t\t<\/section>\n\t\t\t\t<section class=\"elementor-section elementor-top-section elementor-element elementor-element-20d81655 elementor-section-boxed elementor-section-height-default elementor-section-height-default\" data-id=\"20d81655\" data-element_type=\"section\" data-e-type=\"section\">\n\t\t\t\t\t\t<div class=\"elementor-container elementor-column-gap-default\">\n\t\t\t\t\t<div class=\"elementor-column elementor-col-100 elementor-top-column elementor-element elementor-element-45f889f0\" data-id=\"45f889f0\" data-element_type=\"column\" data-e-type=\"column\">\n\t\t\t<div class=\"elementor-widget-wrap elementor-element-populated\">\n\t\t\t\t\t\t<div class=\"elementor-element elementor-element-6aed7452 elementor-widget elementor-widget-video\" data-id=\"6aed7452\" data-element_type=\"widget\" data-e-type=\"widget\" data-settings=\"{&quot;youtube_url&quot;:&quot;https:\\\/\\\/youtu.be\\\/8FEh6N5gn7k&quot;,&quot;video_type&quot;:&quot;youtube&quot;,&quot;controls&quot;:&quot;yes&quot;}\" data-widget_type=\"video.default\">\n\t\t\t\t<div class=\"elementor-widget-container\">\n\t\t\t\t\t\t\t<div class=\"elementor-wrapper elementor-open-inline\">\n\t\t\t<div class=\"elementor-video\"><\/div>\t\t<\/div>\n\t\t\t\t\t\t<\/div>\n\t\t\t\t<\/div>\n\t\t\t\t\t<\/div>\n\t\t<\/div>\n\t\t\t\t\t<\/div>\n\t\t<\/section>\n\t\t\t\t<\/div>\n\t\t","protected":false},"excerpt":{"rendered":"<p>Sprachvisum f\u00fcr Deutschlerner und Studenten in Braunschweig Das Erlernen der deutschen Sprache kann eine lohnende Erfahrung sein, insbesondere wenn Sie Ihre F\u00e4higkeiten direkt in Deutschland verbessern m\u00f6chten. In diesem Artikel f\u00fchren wir Sie durch den Prozess, wie Sie ein Sprachvisum f\u00fcr einen Deutschkurs in Braunschweig erhalten k\u00f6nnen. Lesen Sie weiter und entdecken Sie die M\u00f6glichkeiten,&hellip; <a class=\"read-more\" href=\"https:\/\/www.sprachschule-aktiv-braunschweig.de\/it\/sprachvisum-fuer-studenten-deutschlerner\/\" title=\"Read Ihr Weg zum Sprachvisum: Deutsch lernen in Braunschweig\">Read more &raquo;<\/a><\/p>\n","protected":false},"author":2,"featured_media":0,"parent":0,"menu_order":0,"comment_status":"closed","ping_status":"closed","template":"","meta":{"footnotes":""},"class_list":["post-2773","page","type-page","status-publish","hentry"],"yoast_head":"<!-- This site is optimized with the Yoast SEO plugin v27.1.1 - https:\/\/yoast.com\/product\/yoast-seo-wordpress\/ -->\n<title>Ihr Weg zum Sprachvisum: Deutsch lernen in Braunschweig - Sprachschule Aktiv Braunschweig<\/title>\n<meta name=\"robots\" content=\"index, follow, max-snippet:-1, max-image-preview:large, max-video-preview:-1\" \/>\n<link rel=\"canonical\" href=\"https:\/\/www.sprachschule-aktiv-braunschweig.de\/it\/sprachvisum-fuer-studenten-deutschlerner\/\" \/>\n<meta property=\"og:locale\" content=\"it_IT\" \/>\n<meta property=\"og:type\" content=\"article\" \/>\n<meta property=\"og:title\" content=\"Ihr Weg zum Sprachvisum: Deutsch lernen in Braunschweig - Sprachschule Aktiv Braunschweig\" \/>\n<meta property=\"og:description\" content=\"Sprachvisum f\u00fcr Deutschlerner und Studenten in Braunschweig Das Erlernen der deutschen Sprache kann eine lohnende Erfahrung sein, insbesondere wenn Sie Ihre F\u00e4higkeiten direkt in Deutschland verbessern m\u00f6chten. In diesem Artikel f\u00fchren wir Sie durch den Prozess, wie Sie ein Sprachvisum f\u00fcr einen Deutschkurs in Braunschweig erhalten k\u00f6nnen. Lesen Sie weiter und entdecken Sie die M\u00f6glichkeiten,&hellip; Read more &raquo;\" \/>\n<meta property=\"og:url\" content=\"https:\/\/www.sprachschule-aktiv-braunschweig.de\/it\/sprachvisum-fuer-studenten-deutschlerner\/\" \/>\n<meta property=\"og:site_name\" content=\"Sprachschule Aktiv Braunschweig\" \/>\n<meta property=\"og:image\" content=\"https:\/\/www.sprachschule-aktiv-braunschweig.de\/wp-content\/uploads\/2023\/07\/sprachvisum-fuer-studenten-und-deutschlerner-in-braunschweig.webp\" \/>\n<meta name=\"twitter:card\" content=\"summary_large_image\" \/>\n<meta name=\"twitter:label1\" content=\"Tempo di lettura stimato\" \/>\n\t<meta name=\"twitter:data1\" content=\"2 minuti\" \/>\n<script type=\"application\/ld+json\" class=\"yoast-schema-graph\">{\"@context\":\"https:\/\/schema.org\",\"@graph\":[{\"@type\":\"WebPage\",\"@id\":\"https:\/\/www.sprachschule-aktiv-braunschweig.de\/it\/sprachvisum-fuer-studenten-deutschlerner\/\",\"url\":\"https:\/\/www.sprachschule-aktiv-braunschweig.de\/it\/sprachvisum-fuer-studenten-deutschlerner\/\",\"name\":\"Ihr Weg zum Sprachvisum: Deutsch lernen in Braunschweig - Sprachschule Aktiv Braunschweig\",\"isPartOf\":{\"@id\":\"https:\/\/www.sprachschule-aktiv-braunschweig.de\/#website\"},\"primaryImageOfPage\":{\"@id\":\"https:\/\/www.sprachschule-aktiv-braunschweig.de\/it\/sprachvisum-fuer-studenten-deutschlerner\/#primaryimage\"},\"image\":{\"@id\":\"https:\/\/www.sprachschule-aktiv-braunschweig.de\/it\/sprachvisum-fuer-studenten-deutschlerner\/#primaryimage\"},\"thumbnailUrl\":\"https:\/\/www.sprachschule-aktiv-braunschweig.de\/wp-content\/uploads\/2023\/07\/sprachvisum-fuer-studenten-und-deutschlerner-in-braunschweig.webp\",\"datePublished\":\"2023-07-22T06:25:00+00:00\",\"breadcrumb\":{\"@id\":\"https:\/\/www.sprachschule-aktiv-braunschweig.de\/it\/sprachvisum-fuer-studenten-deutschlerner\/#breadcrumb\"},\"inLanguage\":\"it-IT\",\"potentialAction\":[{\"@type\":\"ReadAction\",\"target\":[\"https:\/\/www.sprachschule-aktiv-braunschweig.de\/it\/sprachvisum-fuer-studenten-deutschlerner\/\"]}]},{\"@type\":\"ImageObject\",\"inLanguage\":\"it-IT\",\"@id\":\"https:\/\/www.sprachschule-aktiv-braunschweig.de\/it\/sprachvisum-fuer-studenten-deutschlerner\/#primaryimage\",\"url\":\"https:\/\/www.sprachschule-aktiv-braunschweig.de\/wp-content\/uploads\/2023\/07\/sprachvisum-fuer-studenten-und-deutschlerner-in-braunschweig.webp\",\"contentUrl\":\"https:\/\/www.sprachschule-aktiv-braunschweig.de\/wp-content\/uploads\/2023\/07\/sprachvisum-fuer-studenten-und-deutschlerner-in-braunschweig.webp\"},{\"@type\":\"BreadcrumbList\",\"@id\":\"https:\/\/www.sprachschule-aktiv-braunschweig.de\/it\/sprachvisum-fuer-studenten-deutschlerner\/#breadcrumb\",\"itemListElement\":[{\"@type\":\"ListItem\",\"position\":1,\"name\":\"Startseite\",\"item\":\"https:\/\/www.sprachschule-aktiv-braunschweig.de\/\"},{\"@type\":\"ListItem\",\"position\":2,\"name\":\"Ihr Weg zum Sprachvisum: Deutsch lernen in Braunschweig\"}]},{\"@type\":\"WebSite\",\"@id\":\"https:\/\/www.sprachschule-aktiv-braunschweig.de\/#website\",\"url\":\"https:\/\/www.sprachschule-aktiv-braunschweig.de\/\",\"name\":\"Sprachschule Aktiv Braunschweig\",\"description\":\"\",\"potentialAction\":[{\"@type\":\"SearchAction\",\"target\":{\"@type\":\"EntryPoint\",\"urlTemplate\":\"https:\/\/www.sprachschule-aktiv-braunschweig.de\/?s={search_term_string}\"},\"query-input\":{\"@type\":\"PropertyValueSpecification\",\"valueRequired\":true,\"valueName\":\"search_term_string\"}}],\"inLanguage\":\"it-IT\"}]}<\/script>\n<!-- \/ Yoast SEO plugin. -->","yoast_head_json":{"title":"Ihr Weg zum Sprachvisum: Deutsch lernen in Braunschweig - Sprachschule Aktiv Braunschweig","robots":{"index":"index","follow":"follow","max-snippet":"max-snippet:-1","max-image-preview":"max-image-preview:large","max-video-preview":"max-video-preview:-1"},"canonical":"https:\/\/www.sprachschule-aktiv-braunschweig.de\/it\/sprachvisum-fuer-studenten-deutschlerner\/","og_locale":"it_IT","og_type":"article","og_title":"Ihr Weg zum Sprachvisum: Deutsch lernen in Braunschweig - Sprachschule Aktiv Braunschweig","og_description":"Sprachvisum f\u00fcr Deutschlerner und Studenten in Braunschweig Das Erlernen der deutschen Sprache kann eine lohnende Erfahrung sein, insbesondere wenn Sie Ihre F\u00e4higkeiten direkt in Deutschland verbessern m\u00f6chten. In diesem Artikel f\u00fchren wir Sie durch den Prozess, wie Sie ein Sprachvisum f\u00fcr einen Deutschkurs in Braunschweig erhalten k\u00f6nnen. Lesen Sie weiter und entdecken Sie die M\u00f6glichkeiten,&hellip; Read more &raquo;","og_url":"https:\/\/www.sprachschule-aktiv-braunschweig.de\/it\/sprachvisum-fuer-studenten-deutschlerner\/","og_site_name":"Sprachschule Aktiv Braunschweig","og_image":[{"url":"https:\/\/www.sprachschule-aktiv-braunschweig.de\/wp-content\/uploads\/2023\/07\/sprachvisum-fuer-studenten-und-deutschlerner-in-braunschweig.webp","type":"","width":"","height":""}],"twitter_card":"summary_large_image","twitter_misc":{"Tempo di lettura stimato":"2 minuti"},"schema":{"@context":"https:\/\/schema.org","@graph":[{"@type":"WebPage","@id":"https:\/\/www.sprachschule-aktiv-braunschweig.de\/it\/sprachvisum-fuer-studenten-deutschlerner\/","url":"https:\/\/www.sprachschule-aktiv-braunschweig.de\/it\/sprachvisum-fuer-studenten-deutschlerner\/","name":"Ihr Weg zum Sprachvisum: Deutsch lernen in Braunschweig - Sprachschule Aktiv Braunschweig","isPartOf":{"@id":"https:\/\/www.sprachschule-aktiv-braunschweig.de\/#website"},"primaryImageOfPage":{"@id":"https:\/\/www.sprachschule-aktiv-braunschweig.de\/it\/sprachvisum-fuer-studenten-deutschlerner\/#primaryimage"},"image":{"@id":"https:\/\/www.sprachschule-aktiv-braunschweig.de\/it\/sprachvisum-fuer-studenten-deutschlerner\/#primaryimage"},"thumbnailUrl":"https:\/\/www.sprachschule-aktiv-braunschweig.de\/wp-content\/uploads\/2023\/07\/sprachvisum-fuer-studenten-und-deutschlerner-in-braunschweig.webp","datePublished":"2023-07-22T06:25:00+00:00","breadcrumb":{"@id":"https:\/\/www.sprachschule-aktiv-braunschweig.de\/it\/sprachvisum-fuer-studenten-deutschlerner\/#breadcrumb"},"inLanguage":"it-IT","potentialAction":[{"@type":"ReadAction","target":["https:\/\/www.sprachschule-aktiv-braunschweig.de\/it\/sprachvisum-fuer-studenten-deutschlerner\/"]}]},{"@type":"ImageObject","inLanguage":"it-IT","@id":"https:\/\/www.sprachschule-aktiv-braunschweig.de\/it\/sprachvisum-fuer-studenten-deutschlerner\/#primaryimage","url":"https:\/\/www.sprachschule-aktiv-braunschweig.de\/wp-content\/uploads\/2023\/07\/sprachvisum-fuer-studenten-und-deutschlerner-in-braunschweig.webp","contentUrl":"https:\/\/www.sprachschule-aktiv-braunschweig.de\/wp-content\/uploads\/2023\/07\/sprachvisum-fuer-studenten-und-deutschlerner-in-braunschweig.webp"},{"@type":"BreadcrumbList","@id":"https:\/\/www.sprachschule-aktiv-braunschweig.de\/it\/sprachvisum-fuer-studenten-deutschlerner\/#breadcrumb","itemListElement":[{"@type":"ListItem","position":1,"name":"Startseite","item":"https:\/\/www.sprachschule-aktiv-braunschweig.de\/"},{"@type":"ListItem","position":2,"name":"Ihr Weg zum Sprachvisum: Deutsch lernen in Braunschweig"}]},{"@type":"WebSite","@id":"https:\/\/www.sprachschule-aktiv-braunschweig.de\/#website","url":"https:\/\/www.sprachschule-aktiv-braunschweig.de\/","name":"Sprachschule Aktiv Braunschweig","description":"","potentialAction":[{"@type":"SearchAction","target":{"@type":"EntryPoint","urlTemplate":"https:\/\/www.sprachschule-aktiv-braunschweig.de\/?s={search_term_string}"},"query-input":{"@type":"PropertyValueSpecification","valueRequired":true,"valueName":"search_term_string"}}],"inLanguage":"it-IT"}]}},"_links":{"self":[{"href":"https:\/\/www.sprachschule-aktiv-braunschweig.de\/it\/wp-json\/wp\/v2\/pages\/2773","targetHints":{"allow":["GET"]}}],"collection":[{"href":"https:\/\/www.sprachschule-aktiv-braunschweig.de\/it\/wp-json\/wp\/v2\/pages"}],"about":[{"href":"https:\/\/www.sprachschule-aktiv-braunschweig.de\/it\/wp-json\/wp\/v2\/types\/page"}],"author":[{"embeddable":true,"href":"https:\/\/www.sprachschule-aktiv-braunschweig.de\/it\/wp-json\/wp\/v2\/users\/2"}],"replies":[{"embeddable":true,"href":"https:\/\/www.sprachschule-aktiv-braunschweig.de\/it\/wp-json\/wp\/v2\/comments?post=2773"}],"version-history":[{"count":0,"href":"https:\/\/www.sprachschule-aktiv-braunschweig.de\/it\/wp-json\/wp\/v2\/pages\/2773\/revisions"}],"wp:attachment":[{"href":"https:\/\/www.sprachschule-aktiv-braunschweig.de\/it\/wp-json\/wp\/v2\/media?parent=2773"}],"curies":[{"name":"wp","href":"https:\/\/api.w.org\/{rel}","templated":true}]}}